{"id":5668514,"date":"2021-01-25T09:20:00","date_gmt":"2021-01-25T09:20:00","guid":{"rendered":"https:\/\/clinicasbravo.com\/ortodoncia-en-jalon-invisalign\/"},"modified":"2024-08-28T11:02:10","modified_gmt":"2024-08-28T11:02:10","slug":"orthodontics-invisalign","status":"publish","type":"page","link":"https:\/\/clinicasbravo.com\/en\/orthodontics-invisalign\/","title":{"rendered":"Orthodontics \/ Invisalign"},"content":{"rendered":"<div class=\"wpb-content-wrapper\">[vc_row full_width=&#8221;stretch_row&#8221; content_placement=&#8221;middle&#8221; css=&#8221;.vc_custom_1718799044333{background-image: url(http:\/\/clinicasbravo.com\/wp-content\/uploads\/2024\/06\/tratamientos_ortodoncia_jalon.jpg?id=5667715) !important;background-position: center !important;background-repeat: no-repeat !important;background-size: cover !important;}&#8221; el_class=&#8221;section-cover-p78&#8243;][vc_column][vc_empty_space height=&#8221;60px&#8221; el_class=&#8221;vc_hidden-lg vc_hidden-md&#8221;]<div class=\"norebro-heading-sc heading nor-heading-xs text-center\"\n\tid=\"norebro-custom-69e113896f8fc\" \n\t data-aos=\"fade-up\" \n\t>\n\t\n\t\n\t\n\t<h3 class=\"title\">\n\t\tOrthodontics \/ Invisalign\t<\/h3>\n\n\t\n\t\t\t<p class=\"subtitle\">\n\t\t\tOrthodontics in Jalon: Effective Solutions for a Perfect Smile\t\t<\/p>\n\t\t\n<\/div>[vc_empty_space height=&#8221;120px&#8221; el_class=&#8221;vc_hidden-lg vc_hidden-md&#8221;][vc_empty_space height=&#8221;40px&#8221;]<div class=\"norebro-button-sc btn-wrap text-center\" \n\tid=\"norebro-custom-69e113896fa0a\"\n\t data-aos=\"fade-up\" \n\t>\n\n\t<a href=\"https:\/\/clinicasbravo.com\/en\/request-an-appointment\/\" \n\t\tclass=\"btn  btn-outline\">\n\n\t\t\n\t\t\n\t\t<span class=\"text\">\n\t\t\tMake an appointment\t\t<\/span>\n\n\t\t\n\t\t\n\t\t\t<\/a>\n\n<\/div>[\/vc_column][\/vc_row][vc_row full_width=&#8221;stretch_row&#8221; css=&#8221;.vc_custom_1611219776761{background-color: #f4f4f4 !important;}&#8221; el_class=&#8221;infotext-tratamiento&#8221;][vc_column width=&#8221;1\/12&#8243; css=&#8221;.vc_custom_1720697209659{padding-top: 0px !important;}&#8221; offset=&#8221;vc_hidden-sm vc_hidden-xs&#8221;][\/vc_column][vc_column width=&#8221;6\/12&#8243; css=&#8221;.vc_custom_1514372752056{padding-top: 0px !important;}&#8221;][vc_empty_space height=&#8221;90px&#8221; el_class=&#8221;norebro-phone-space&#8221;]<div class=\"norebro-heading-sc heading text-center\"\n\tid=\"norebro-custom-69e113896fab6\" \n\t \n\t>\n\t\n\t\n\t\n\t<h3 class=\"title\">\n\t\tWith a personalized approach and cutting-edge technology, we offer <b>orthodontic treatments in Jal\u00f3n<\/b> tailored to your specific needs. Learn more about our services and start your journey to a <b>perfect smile<\/b> today.\t<\/h3>\n\n\t\n\t\t\n<\/div>[vc_empty_space height=&#8221;90px&#8221; el_class=&#8221;norebro-phone-space&#8221;][\/vc_column][vc_column width=&#8221;1\/12&#8243; css=&#8221;.vc_custom_1514372817271{padding-top: 0px !important;}&#8221;][\/vc_column][\/vc_row][vc_row full_width=&#8221;stretch_row&#8221; css=&#8221;.vc_custom_1611217561092{background-color: #515151 !important;}&#8221; el_class=&#8221;info-icons&#8221;][vc_column][vc_empty_space height=&#8221;40px&#8221; el_class=&#8221;norebro-phone-space vc_hiddex-xs&#8221;]<div class=\"norebro-icon-box-sc icon-box text-center\" \n\tid=\"norebro-custom-69e113896fb42\" \n\t \n\t>\n\n\t<div class=\"icon-wrap\">\n\t\t\t\t\t<span class=\"linea-arrows-info\"><\/span>\n\t\t\t<\/div>\n\n\t<div class=\"content-wrap\">\n\n\t\t<div class=\"content-center with-full\">\n\t\t\t<div class=\"wrap\">\n\t\t\t\t<h3>Prices: on request<\/h3>\n\t\t\t\t\t\t\t<\/div>\n\t\t<\/div>\n\t\t\n\t\t\t<\/div>\n\t\t\n\t\t<p class=\"description content-full\">\n\t\t\tFree appraisal and free quotation\t\t<\/p>\n\n\t\t\n\t\t\n<\/div>[vc_empty_space height=&#8221;40px&#8221;][\/vc_column][\/vc_row][vc_row full_width=&#8221;stretch_row&#8221; css=&#8221;.vc_custom_1611219789236{padding-top: 60px !important;background-image: url(http:\/\/clinicasbravo.com\/wp-content\/uploads\/2021\/01\/textura-home02.jpg?id=5666112) !important;}&#8221; el_class=&#8221;cta-tratamiento&#8221;][vc_column width=&#8221;1\/2&#8243;]<div class=\"norebro-heading-sc heading text-left\"\n\tid=\"norebro-custom-69e113896fbfc\" \n\t \n\t>\n\t\n\t\n\t\n\t<h3 class=\"title\">\n\t\tDiscover Invisalign and <br> innovative options at Cl\u00ednica Bravo\t<\/h3>\n\n\t\n\t\t\t<p class=\"subtitle\">\n\t\t\tOrthodontics in Jal\u00f3n\t\t<\/p>\n\t\t\n<\/div><div class=\"norebro-heading-sc heading text-left\"\n\tid=\"norebro-custom-69e113896fc69\" \n\t \n\t>\n\t\n\t\n\t\n\t<h3 class=\"title\">\n\t\t. . . .\t<\/h3>\n\n\t\n\t\t\t<p class=\"subtitle\">\n\t\t\t\t\t<\/p>\n\t\t\n<\/div><div class=\"norebro-text-sc \" \n\tid=\"norebro-custom-69e113896fce8\" \n\t \n\t>\n\n\t<p> <span style=\"font-weight: 400;\">Orthodontics is the branch of dentistry that deals with the treatment of irregularities and abnormalities in the position of the teeth and jaws.<\/span><\/p>\n<p><span style=\"font-weight: 400;\">Among our <strong>orthodontic treatments in Jal\u00f3n<\/strong>, at <em>Cl\u00ednica Bravo<\/em> we can offer you orthodontic treatments including orthopedics (pediatric orthodontics), conventional braces with metal brackets, aesthetic or new-generation self-ligating brackets; as well as lingual or invisible orthodontics (with systems like Invisalign).<\/span><\/p>\n<p><span style=\"font-weight: 400;\">The first thing we will do is conduct a study, including X-rays, models of your mouth, and photographs; to create the most personalized treatment plan possible. We will inform the patient about both the cost and the approximate duration of the procedure.<\/span><\/p>\n\t\n<\/div>[vc_empty_space height=&#8221;40px&#8221;]<div class=\"norebro-button-sc btn-wrap text-left\" \n\tid=\"norebro-custom-69e113896fd68\"\n\t \n\t>\n\n\t<a href=\"https:\/\/clinicasbravo.com\/en\/request-an-appointment\/\" \n\t\tclass=\"btn  btn-outline\">\n\n\t\t\n\t\t\n\t\t<span class=\"text\">\n\t\t\tMake an appointment\t\t<\/span>\n\n\t\t\n\t\t\n\t\t\t<\/a>\n\n<\/div>[vc_empty_space height=&#8221;40px&#8221;][\/vc_column][vc_column width=&#8221;1\/2&#8243;][vc_single_image image=&#8221;5667716&#8243; img_size=&#8221;full&#8221;][vc_empty_space height=&#8221;40px&#8221;][\/vc_column][\/vc_row][vc_row full_width=&#8221;stretch_row&#8221; css=&#8221;.vc_custom_1611217561092{background-color: #515151 !important;}&#8221; el_class=&#8221;info-icons&#8221;][vc_column][vc_empty_space height=&#8221;60px&#8221; el_class=&#8221;norebro-phone-space vc_hiddex-xs&#8221;]<div class=\"norebro-heading-sc heading text-center\"\n\tid=\"norebro-custom-69e113896fde7\" \n\t \n\t>\n\t\n\t\n\t\n\t<h3 class=\"title\">\n\t\tOrthodontic Treatments in Jal\u00f3n\t<\/h3>\n\n\t\n\t\t\n<\/div>[vc_empty_space height=&#8221;40px&#8221;]<div class=\"norebro-accordion-s\u0441 accordion-box \" \n\tid=\"norebro-custom-69e113896fe4e\"\n\tdata-norebro-accordion=\"0\"\n\t \n\t>\n\n\t<div id=\"1718797689641-7c819b97-aa04\" class=\"item\">\n\t\n\t<div class=\"title\">\n\t\t\t\t<h4>Orthopaedics or orthodontics for children<\/h4>\n\t\t<div class=\"control\">\n\t\t\t<span class=\"ion-plus\"><\/span>\n\t\t<\/div>\n\t<\/div>\n\n\t<div class=\"content\">\n\t\t<div class=\"wrap\">\n\t\t\t<p><span style=\"font-weight: 400;\">It is the art of correcting or preventing jaw deformities using certain devices or functional exercises.<\/span><\/p>\n<p><span style=\"font-weight: 400;\">The ideal age to start maxillary orthopedic treatment is during the growth stages of children and adolescents, between 2 and 15 years old. In many cases, we choose to treat very early when an anomaly is detected in the development of the jaw bones or due to the presence of bad habits like thumb sucking, or when hereditary factors play a significant role in growth imbalance. Through maxillary orthopedics, we can redirect bone growth using various types of fixed or removable appliances.<\/span><\/p>\n<p>Trust Cl\u00ednica Bravo for your orthodontic treatments in Jal\u00f3n.<\/p>\n\t\t<\/div>\n\t<\/div>\n\n<\/div><div id=\"1718798541356-0e00ed38-4b07\" class=\"item\">\n\t\n\t<div class=\"title\">\n\t\t\t\t<h4>Self-ligating brackets<\/h4>\n\t\t<div class=\"control\">\n\t\t\t<span class=\"ion-plus\"><\/span>\n\t\t<\/div>\n\t<\/div>\n\n\t<div class=\"content\">\n\t\t<div class=\"wrap\">\n\t\t\t<p><span style=\"font-weight: 400;\">The new <\/span><b>self-ligating brackets<\/b><span style=\"font-weight: 400;\"> generate less friction, meaning they reduce the &#8220;rubbing&#8221; between the wire and the bracket during dental movement, making the process more efficient and decreasing both the number of appointments and the duration of the treatment. Leave your orthodontic treatments in Jal\u00f3n in our hands.<\/span><\/p>\n<p><img loading=\"lazy\" decoding=\"async\" class=\" wp-image-5667713 aligncenter\" src=\"http:\/\/clinicasbravo.com\/wp-content\/uploads\/2024\/06\/brackets_autoligado-300x171.webp\" alt=\"brackets_autoligado\" width=\"688\" height=\"392\" srcset=\"https:\/\/clinicasbravo.com\/wp-content\/uploads\/2024\/06\/brackets_autoligado-300x171.webp 300w, https:\/\/clinicasbravo.com\/wp-content\/uploads\/2024\/06\/brackets_autoligado-768x439.webp 768w, https:\/\/clinicasbravo.com\/wp-content\/uploads\/2024\/06\/brackets_autoligado.webp 1000w\" sizes=\"auto, (max-width: 688px) 100vw, 688px\" \/><\/p>\n\t\t<\/div>\n\t<\/div>\n\n<\/div><div id=\"1718798396614-95814132-85fd\" class=\"item\">\n\t\n\t<div class=\"title\">\n\t\t\t\t<h4>Lingual Orthodontics<\/h4>\n\t\t<div class=\"control\">\n\t\t\t<span class=\"ion-plus\"><\/span>\n\t\t<\/div>\n\t<\/div>\n\n\t<div class=\"content\">\n\t\t<div class=\"wrap\">\n\t\t\t<p><span style=\"font-weight: 400;\">Lingual orthodontics is a type of orthodontic technique that offers aesthetic improvement for the patient, as the brackets are placed on the inner surface of the teeth, hidden from view. It is a type of invisible orthodontics that is imperceptible even from close distances.<\/span><\/p>\n<p><span style=\"font-weight: 300;\">They allow a high degree of predictability of results, as the appliance is made based on computer simulation of a model with straightened teeth. In other words, the appliance is constructed using three-dimensional information about the final position of the teeth.<\/span><\/p>\n<p>Trust Cl\u00ednica Bravo for your orthodontic treatments in Jal\u00f3n.<\/p>\n\t\t<\/div>\n\t<\/div>\n\n<\/div><div id=\"1718797689652-9a30104b-ba85\" class=\"item\">\n\t\n\t<div class=\"title\">\n\t\t\t\t<h4>Ortodoncia invisible \/ Invisalign<\/h4>\n\t\t<div class=\"control\">\n\t\t\t<span class=\"ion-plus\"><\/span>\n\t\t<\/div>\n\t<\/div>\n\n\t<div class=\"content\">\n\t\t<div class=\"wrap\">\n\t\t\t<p><span style=\"font-weight: 400;\">Los nuevos\u00a0<\/span><b>brackets de autoligado<\/b><span style=\"font-weight: 400;\"> generan menos fricci\u00f3n, es decir, disminuyen el \u201croce\u201d entre el alambre y el bracket durante el movimiento dental, haciendo as\u00ed que \u00e9ste sea m\u00e1s eficiente y disminuyendo tanto la cantidad de citas como la duraci\u00f3n del tratamiento. Deja tus tratamientos de ortodoncia en Jal\u00f3n en manos de <a href=\"http:\/\/clinicasbravo.com\/tratamientos-medicina-estetica-odontologia\/\">Cl\u00ednica Bravo<\/a>.<\/span><\/p>\n<p><img loading=\"lazy\" decoding=\"async\" class=\"wp-image-5667714 aligncenter\" src=\"http:\/\/clinicasbravo.com\/wp-content\/uploads\/2024\/06\/invisalign-jalon-300x200.jpg\" alt=\"invisalign-jalon\" width=\"676\" height=\"451\" srcset=\"https:\/\/clinicasbravo.com\/wp-content\/uploads\/2024\/06\/invisalign-jalon-300x200.jpg 300w, https:\/\/clinicasbravo.com\/wp-content\/uploads\/2024\/06\/invisalign-jalon-1024x681.jpg 1024w, https:\/\/clinicasbravo.com\/wp-content\/uploads\/2024\/06\/invisalign-jalon-768x511.jpg 768w, https:\/\/clinicasbravo.com\/wp-content\/uploads\/2024\/06\/invisalign-jalon.jpg 1081w\" sizes=\"auto, (max-width: 676px) 100vw, 676px\" \/><\/p>\n\t\t<\/div>\n\t<\/div>\n\n<\/div>\t\n<\/div>[vc_empty_space height=&#8221;60px&#8221; el_class=&#8221;norebro-phone-space vc_hiddex-xs&#8221;][vc_empty_space height=&#8221;30px&#8221; el_class=&#8221;norebro-phone-space vc_hiddex-xs&#8221;][\/vc_column][\/vc_row][vc_row full_width=&#8221;stretch_row_content&#8221;][vc_column][vc_column_text]<div data-post-id=\"5668433\" class=\"insert-page insert-page-5668433 \"><style type=\"text\/css\" data-type=\"vc_shortcodes-custom-css\">.vc_custom_1720772886818{padding-top: 7vh !important;padding-bottom: 8vh !important;background: #f6f7fe url(https:\/\/clinicasbravo.com\/wp-content\/uploads\/2021\/01\/bannercontactoficha.jpg?id=5666142) !important;background-position: center !important;background-repeat: no-repeat !important;background-size: cover !important;}<\/style><div class=\"wpb-content-wrapper\">[vc_row gap=&#8221;15&#8243; css=&#8221;.vc_custom_1720772886818{padding-top: 7vh !important;padding-bottom: 8vh !important;background: #f6f7fe url(https:\/\/clinicasbravo.com\/wp-content\/uploads\/2021\/01\/bannercontactoficha.jpg?id=5666142) !important;background-position: center !important;background-repeat: no-repeat !important;background-size: cover !important;}&#8221;][vc_column width=&#8221;1\/12&#8243;][\/vc_column][vc_column width=&#8221;5\/12&#8243;]<div class=\"norebro-text-sc \" \n\tid=\"norebro-custom-69e1138972b91\" \n\t \n\t>\n\n\t<h4><strong>Address<\/strong><\/h4>\n<p>Av. Joanot Martonell, 5<\/p>\n<p>03727 Xal\u00f3, Alicante<\/p>\n<p>Spain<\/p>\n\t\n<\/div>[\/vc_column][vc_column width=&#8221;5\/12&#8243;]<div class=\"norebro-text-sc \" \n\tid=\"norebro-custom-69e1138972c30\" \n\t \n\t>\n\n\t<h4><strong>Contact Information<\/strong><\/h4>\n<p>966 48 07 60<\/p>\n<p>655 686 977<\/p>\n<p><em>info@clinicasbravo.com<\/em><\/p>\n\t\n<\/div>[\/vc_column][vc_column width=&#8221;1\/12&#8243;][\/vc_column][\/vc_row]\n<\/div><\/div>[\/vc_column_text][\/vc_column][\/vc_row]\n<\/div>","protected":false},"excerpt":{"rendered":"<p>[vc_row full_width=&#8221;stretch_row&#8221; content_placement=&#8221;middle&#8221; css=&#8221;.vc_custom_1718799044333{background-image: url(http:\/\/clinicasbravo.com\/wp-content\/uploads\/2024\/06\/tratamientos_ortodoncia_jalon.jpg?id=5667715) !important;background-position: center !important;background-repeat: no-repeat !important;background-size: cover !important;}&#8221; el_class=&#8221;section-cover-p78&#8243;][vc_column][vc_empty_space height=&#8221;60px&#8221;&#8230;<\/p>\n","protected":false},"author":2,"featured_media":5668398,"parent":0,"menu_order":0,"comment_status":"closed","ping_status":"closed","template":"","meta":{"_acf_changed":false,"inline_featured_image":false,"footnotes":""},"class_list":["post-5668514","page","type-page","status-publish","has-post-thumbnail","hentry"],"acf":[],"_links":{"self":[{"href":"https:\/\/clinicasbravo.com\/en\/wp-json\/wp\/v2\/pages\/5668514","targetHints":{"allow":["GET"]}}],"collection":[{"href":"https:\/\/clinicasbravo.com\/en\/wp-json\/wp\/v2\/pages"}],"about":[{"href":"https:\/\/clinicasbravo.com\/en\/wp-json\/wp\/v2\/types\/page"}],"author":[{"embeddable":true,"href":"https:\/\/clinicasbravo.com\/en\/wp-json\/wp\/v2\/users\/2"}],"replies":[{"embeddable":true,"href":"https:\/\/clinicasbravo.com\/en\/wp-json\/wp\/v2\/comments?post=5668514"}],"version-history":[{"count":3,"href":"https:\/\/clinicasbravo.com\/en\/wp-json\/wp\/v2\/pages\/5668514\/revisions"}],"predecessor-version":[{"id":5668528,"href":"https:\/\/clinicasbravo.com\/en\/wp-json\/wp\/v2\/pages\/5668514\/revisions\/5668528"}],"wp:featuredmedia":[{"embeddable":true,"href":"https:\/\/clinicasbravo.com\/en\/wp-json\/wp\/v2\/media\/5668398"}],"wp:attachment":[{"href":"https:\/\/clinicasbravo.com\/en\/wp-json\/wp\/v2\/media?parent=5668514"}],"curies":[{"name":"wp","href":"https:\/\/api.w.org\/{rel}","templated":true}]}}