{"id":5668496,"date":"2021-01-25T11:08:30","date_gmt":"2021-01-25T11:08:30","guid":{"rendered":"https:\/\/clinicasbravo.com\/treatments-medicine-aesthetics\/hidratacion-profunda-de-la-piel\/"},"modified":"2024-08-28T10:15:26","modified_gmt":"2024-08-28T10:15:26","slug":"deep-skin-hydration","status":"publish","type":"page","link":"https:\/\/clinicasbravo.com\/en\/treatments-medicine-aesthetics\/deep-skin-hydration\/","title":{"rendered":"Deep skin hydration"},"content":{"rendered":"<div class=\"wpb-content-wrapper\">[vc_row full_width=&#8221;stretch_row&#8221; content_placement=&#8221;middle&#8221; css=&#8221;.vc_custom_1611839113501{background-image: url(http:\/\/clinicasbravo.com\/wp-content\/uploads\/2021\/01\/cover-hidratacion.jpg?id=5667361) !important;background-position: center !important;background-repeat: no-repeat !important;background-size: cover !important;}&#8221; el_class=&#8221;section-cover-p78&#8243;][vc_column][vc_empty_space height=&#8221;60px&#8221; el_class=&#8221;vc_hidden-lg vc_hidden-md&#8221;]<div class=\"norebro-heading-sc heading nor-heading-xs text-center\"\n\tid=\"norebro-custom-69e5df13cb11e\" \n\t data-aos=\"fade-up\" \n\t>\n\t\n\t\n\t\n\t<h1 class=\"title\">\n\t\tDeep skin hydration\t<\/h1>\n\n\t\n\t\t\t<p class=\"subtitle\">\n\t\t\tAre you looking to boost hydration for your skin? If you are from Jal\u00f3n or nearby municipalities such as Moraira,<br>Calpe, Benissa, or Teulada, visit our clinic and enjoy our treatment.\t\t<\/p>\n\t\t\n<\/div>[vc_empty_space height=&#8221;120px&#8221; el_class=&#8221;vc_hidden-lg vc_hidden-md&#8221;][vc_empty_space height=&#8221;40px&#8221;]<div class=\"norebro-button-sc btn-wrap text-center\" \n\tid=\"norebro-custom-69e5df13cb290\"\n\t data-aos=\"fade-up\" \n\t>\n\n\t<a href=\"https:\/\/clinicasbravo.com\/en\/request-an-appointment\/\" \n\t\tclass=\"btn  btn-outline\">\n\n\t\t\n\t\t\n\t\t<span class=\"text\">\n\t\t\tMake an appointment\t\t<\/span>\n\n\t\t\n\t\t\n\t\t\t<\/a>\n\n<\/div>[\/vc_column][\/vc_row][vc_row full_width=&#8221;stretch_row&#8221; css=&#8221;.vc_custom_1611219776761{background-color: #f4f4f4 !important;}&#8221; el_class=&#8221;infotext-tratamiento&#8221;][vc_column width=&#8221;3\/12&#8243; css=&#8221;.vc_custom_1514372806200{padding-top: 0px !important;}&#8221;][\/vc_column][vc_column width=&#8221;6\/12&#8243; css=&#8221;.vc_custom_1514372752056{padding-top: 0px !important;}&#8221;][vc_empty_space height=&#8221;90px&#8221; el_class=&#8221;norebro-phone-space&#8221;]<div class=\"norebro-heading-sc heading text-center\"\n\tid=\"norebro-custom-69e5df13cb36a\" \n\t \n\t>\n\t\n\t\n\t\n\t<h3 class=\"title\">\n\t\t<b>80% of facial skin aging<\/b> is due to sun exposure.\t<\/h3>\n\n\t\n\t\t\n<\/div>[vc_empty_space height=&#8221;90px&#8221; el_class=&#8221;norebro-phone-space&#8221;][\/vc_column][vc_column width=&#8221;1\/12&#8243; css=&#8221;.vc_custom_1514372817271{padding-top: 0px !important;}&#8221;][\/vc_column][\/vc_row][vc_row full_width=&#8221;stretch_row&#8221; css=&#8221;.vc_custom_1611217561092{background-color: #515151 !important;}&#8221; el_class=&#8221;info-icons&#8221;][vc_column width=&#8221;1\/4&#8243; offset=&#8221;vc_col-xs-6&#8243;][vc_empty_space height=&#8221;60px&#8221; el_class=&#8221;norebro-phone-space&#8221;]<div class=\"norebro-icon-box-sc icon-box box-left\" \n\tid=\"norebro-custom-69e5df13cb415\" \n\t \n\t>\n\n\t<div class=\"icon-wrap\">\n\t\t\t\t\t<span class=\"linea-arrows-circle-check\"><\/span>\n\t\t\t<\/div>\n\n\t<div class=\"content-wrap\">\n\n\t\t<div class=\"content-center\">\n\t\t\t<div class=\"wrap\">\n\t\t\t\t<h3>Results<\/h3>\n\t\t\t\t\t\t\t<\/div>\n\t\t<\/div>\n\t\t\n\t\t\n\t\t<p class=\"description\">\n\t\t\tImmediate\t\t<\/p>\n\n\t\t\n\t\t<\/div>\n\t\t\n<\/div>[vc_empty_space height=&#8221;20px&#8221;][\/vc_column][vc_column width=&#8221;1\/4&#8243; offset=&#8221;vc_col-xs-6&#8243;][vc_empty_space height=&#8221;60px&#8221; el_class=&#8221;norebro-phone-space vc_hiddex-xs&#8221;]<div class=\"norebro-icon-box-sc icon-box box-left\" \n\tid=\"norebro-custom-69e5df13cb52c\" \n\t \n\t>\n\n\t<div class=\"icon-wrap\">\n\t\t\t\t\t<span class=\"linea-basic-anticlockwise\"><\/span>\n\t\t\t<\/div>\n\n\t<div class=\"content-wrap\">\n\n\t\t<div class=\"content-center\">\n\t\t\t<div class=\"wrap\">\n\t\t\t\t<h3>Application<\/h3>\n\t\t\t\t\t\t\t<\/div>\n\t\t<\/div>\n\t\t\n\t\t\n\t\t<p class=\"description\">\n\t\t\t30 min\t\t<\/p>\n\n\t\t\n\t\t<\/div>\n\t\t\n<\/div>[vc_empty_space height=&#8221;20px&#8221;][\/vc_column][vc_column width=&#8221;1\/4&#8243; offset=&#8221;vc_col-xs-6&#8243;][vc_empty_space height=&#8221;60px&#8221; el_class=&#8221;norebro-phone-space vc_hiddex-xs&#8221;]<div class=\"norebro-icon-box-sc icon-box box-left\" \n\tid=\"norebro-custom-69e5df13cb606\" \n\t \n\t>\n\n\t<div class=\"icon-wrap\">\n\t\t\t\t\t<span class=\"linea-basic-calendar\"><\/span>\n\t\t\t<\/div>\n\n\t<div class=\"content-wrap\">\n\n\t\t<div class=\"content-center\">\n\t\t\t<div class=\"wrap\">\n\t\t\t\t<h3>Duration<\/h3>\n\t\t\t\t\t\t\t<\/div>\n\t\t<\/div>\n\t\t\n\t\t\n\t\t<p class=\"description\">\n\t\t\t9-12 months\t\t<\/p>\n\n\t\t\n\t\t<\/div>\n\t\t\n<\/div>[vc_empty_space height=&#8221;60px&#8221;][\/vc_column][vc_column width=&#8221;1\/4&#8243; offset=&#8221;vc_col-xs-6&#8243;][vc_empty_space height=&#8221;60px&#8221; el_class=&#8221;norebro-phone-space vc_hiddex-xs&#8221;]<div class=\"norebro-icon-box-sc icon-box box-left\" \n\tid=\"norebro-custom-69e5df13cbc24\" \n\t \n\t>\n\n\t<div class=\"icon-wrap\">\n\t\t\t\t\t<img decoding=\"async\" src=\"https:\/\/clinicasbravo.com\/wp-content\/uploads\/2021\/01\/Iconos_blanco-01.svg\" alt=\"Anaesthesia\">\n\t\t\t<\/div>\n\n\t<div class=\"content-wrap\">\n\n\t\t<div class=\"content-center\">\n\t\t\t<div class=\"wrap\">\n\t\t\t\t<h3>Anaesthesia<\/h3>\n\t\t\t\t\t\t\t<\/div>\n\t\t<\/div>\n\t\t\n\t\t\n\t\t<p class=\"description\">\n\t\t\tNot required\t\t<\/p>\n\n\t\t\n\t\t<\/div>\n\t\t\n<\/div>[vc_empty_space height=&#8221;60px&#8221; el_class=&#8221;norebro-phone-space&#8221;][\/vc_column][\/vc_row][vc_row full_width=&#8221;stretch_row&#8221; css=&#8221;.vc_custom_1611219789236{padding-top: 60px !important;background-image: url(http:\/\/clinicasbravo.com\/wp-content\/uploads\/2021\/01\/textura-home02.jpg?id=5666112) !important;}&#8221; el_class=&#8221;cta-tratamiento&#8221;][vc_column width=&#8221;1\/2&#8243;]<div class=\"norebro-heading-sc heading text-left\"\n\tid=\"norebro-custom-69e5df13cbd7d\" \n\t \n\t>\n\t\n\t\n\t\n\t<h3 class=\"title\">\n\t\tMore radiant<br>and elastic skin.\t<\/h3>\n\n\t\n\t\t\t<p class=\"subtitle\">\n\t\t\tHidrataci\u00f3n profunda de la piel con \u00e1cido hialur\u00f3nico\t\t<\/p>\n\t\t\n<\/div><div class=\"norebro-heading-sc heading text-left\"\n\tid=\"norebro-custom-69e5df13cbe12\" \n\t \n\t>\n\t\n\t\n\t\n\t<h3 class=\"title\">\n\t\t. . . .\t<\/h3>\n\n\t\n\t\t\t<p class=\"subtitle\">\n\t\t\t\t\t<\/p>\n\t\t\n<\/div><div class=\"norebro-text-sc \" \n\tid=\"norebro-custom-69e5df13cbedb\" \n\t \n\t>\n\n\t<p><span style=\"font-weight: 400;\">The concentration of <strong>hyaluronic acid<\/strong> in the skin decreases with aging. As a result, the ability to retain water and elasticity is reduced, leading to a progressive tendency to develop wrinkles and sagging. 80% of facial skin aging is due to sun exposure. Constant sun exposure directly contributes to the decrease of hyaluronic acid in our skin. Hence the importance of <strong>deep skin hydration with hyaluronic acid<\/strong>.<\/span><\/p>\n<p><span style=\"font-weight: 400;\"><strong>Intracellular hyaluronic acid injections<\/strong> absorb water in the extracellular matrix, resulting in dermal hydration, improving skin surface and fine wrinkles. Some published studies also show that certain <strong>skinboosters<\/strong> additionally promote <strong>collagen<\/strong> synthesis, resulting in more radiant and elastic skin.<\/span><\/p>\n<p>In our clinic located in Jal\u00f3n, we offer <strong>skinbooster treatments<\/strong> for <strong>deep skin hydration<\/strong> for those looking to combat signs of aging and improve their skin quality.<\/p>\n\t\n<\/div>[vc_empty_space height=&#8221;40px&#8221;]<div class=\"norebro-accordion-s\u0441 accordion-box \" \n\tid=\"norebro-custom-69e5df13cbf52\"\n\tdata-norebro-accordion=\"0\"\n\t \n\t>\n\n\t<div id=\"1610971988784-07cd8682-1a72\" class=\"item\">\n\t\n\t<div class=\"title\">\n\t\t\t\t<h4>Sessions<\/h4>\n\t\t<div class=\"control\">\n\t\t\t<span class=\"ion-plus\"><\/span>\n\t\t<\/div>\n\t<\/div>\n\n\t<div class=\"content\">\n\t\t<div class=\"wrap\">\n\t\t\t<p>1 session<\/p>\n\t\t<\/div>\n\t<\/div>\n\n<\/div>\t\n<\/div>[vc_empty_space height=&#8221;40px&#8221;]<div class=\"norebro-button-sc btn-wrap text-left\" \n\tid=\"norebro-custom-69e5df13cc0e8\"\n\t \n\t>\n\n\t<a href=\"https:\/\/clinicasbravo.com\/en\/request-an-appointment\/\" \n\t\tclass=\"btn  btn-outline\">\n\n\t\t\n\t\t\n\t\t<span class=\"text\">\n\t\t\tMake an appointment\t\t<\/span>\n\n\t\t\n\t\t\n\t\t\t<\/a>\n\n<\/div>[vc_empty_space height=&#8221;40px&#8221;][\/vc_column][vc_column width=&#8221;1\/2&#8243;][vc_single_image image=&#8221;5667365&#8243; img_size=&#8221;full&#8221; css=&#8221;.vc_custom_1720699802248{margin-bottom: 20px !important;}&#8221;][\/vc_column][\/vc_row][vc_row full_width=&#8221;stretch_row&#8221; css=&#8221;.vc_custom_1716370196441{padding-top: 60px !important;background-color: #515151 !important;}&#8221; el_class=&#8221;cta-tratamiento&#8221;][vc_column width=&#8221;1\/6&#8243;][\/vc_column][vc_column width=&#8221;2\/3&#8243;][vc_empty_space height=&#8221;30px&#8221;]<div class=\"norebro-heading-sc heading text-left\"\n\tid=\"norebro-custom-69e5df13cc178\" \n\t \n\t>\n\t\n\t\n\t\n\t<h3 class=\"title\">\n\t\tSkin boosters stimulate collagen\t<\/h3>\n\n\t\n\t\t\t<p class=\"subtitle\">\n\t\t\t\t\t<\/p>\n\t\t\n<\/div>[vc_empty_space height=&#8221;30px&#8221;]<div class=\"norebro-accordion-s\u0441 accordion-box \" \n\tid=\"norebro-custom-69e5df13cc1e5\"\n\tdata-norebro-accordion=\"0\"\n\t \n\t>\n\n\t<div id=\"1716369915318-95535a6e-68fa\" class=\"item\">\n\t\n\t<div class=\"title\">\n\t\t\t\t<h4>WHAT ARE THE USES OF A SKINBOOSTER IN AESTHETIC MEDICINE?<\/h4>\n\t\t<div class=\"control\">\n\t\t\t<span class=\"ion-plus\"><\/span>\n\t\t<\/div>\n\t<\/div>\n\n\t<div class=\"content\">\n\t\t<div class=\"wrap\">\n\t\t\t<p><span style=\"font-weight: 400;\">A skinbooster is indicated for all degrees of skin ageing as long as an improvement in the quality and structure of the skin is sought. The areas to be treated include the face, hands, neck and d\u00e9collet\u00e9.<\/span><\/p>\n\t\t<\/div>\n\t<\/div>\n\n<\/div><div id=\"1716374510750-1008ee39-1d2a\" class=\"item\">\n\t\n\t<div class=\"title\">\n\t\t\t\t<h4>HOW IS A SKINBOOSTER APPLIED?<\/h4>\n\t\t<div class=\"control\">\n\t\t\t<span class=\"ion-plus\"><\/span>\n\t\t<\/div>\n\t<\/div>\n\n\t<div class=\"content\">\n\t\t<div class=\"wrap\">\n\t\t\t<p><span style=\"font-weight: 400;\">The application of a skinbooster is a safe and standardised process. The product is applied subcutaneously, more specifically in the deep dermis and subcutis, a fundamental aspect that differentiates it from conventional mesotherapy. Normally the application is performed with a blunt cannula that allows us to treat the entire surface with very few entry points and minimise possible bruising.<\/span><\/p>\n\t\t<\/div>\n\t<\/div>\n\n<\/div><div id=\"1716374549336-c442328b-b650\" class=\"item\">\n\t\n\t<div class=\"title\">\n\t\t\t\t<h4>WHEN DO THE EFFECTS START TO BECOME EVIDENT?<\/h4>\n\t\t<div class=\"control\">\n\t\t\t<span class=\"ion-plus\"><\/span>\n\t\t<\/div>\n\t<\/div>\n\n\t<div class=\"content\">\n\t\t<div class=\"wrap\">\n\t\t\t<p><span style=\"font-weight: 400;\">The effect of the treatment becomes evident 72 hours after application as the skin begins to retain water. The effect becomes more pronounced as the treatment progresses. Generally and depending on the product chosen, the duration can vary between 9 and 12 months.<\/span><\/p>\n\t\t<\/div>\n\t<\/div>\n\n<\/div><div id=\"1716374620646-5a19393e-ba96\" class=\"item\">\n\t\n\t<div class=\"title\">\n\t\t\t\t<h4>ARE THERE ANY SIDE EFFECTS?<\/h4>\n\t\t<div class=\"control\">\n\t\t\t<span class=\"ion-plus\"><\/span>\n\t\t<\/div>\n\t<\/div>\n\n\t<div class=\"content\">\n\t\t<div class=\"wrap\">\n\t\t\t<p><span style=\"font-weight: 400;\">The side effects that may appear are generally harmless and derived from the procedure itself (pain in the puncture area, redness, minimal bruising).<\/span><\/p>\n\t\t<\/div>\n\t<\/div>\n\n<\/div>\t\n<\/div>[vc_empty_space height=&#8221;90px&#8221;][\/vc_column][vc_column width=&#8221;1\/6&#8243;][\/vc_column][\/vc_row][vc_row full_width=&#8221;stretch_row_content&#8221;][vc_column][vc_column_text]<div data-post-id=\"5668433\" class=\"insert-page insert-page-5668433 \"><style type=\"text\/css\" data-type=\"vc_shortcodes-custom-css\">.vc_custom_1720772886818{padding-top: 7vh !important;padding-bottom: 8vh !important;background: #f6f7fe url(https:\/\/clinicasbravo.com\/wp-content\/uploads\/2021\/01\/bannercontactoficha.jpg?id=5666142) !important;background-position: center !important;background-repeat: no-repeat !important;background-size: cover !important;}<\/style><div class=\"wpb-content-wrapper\">[vc_row gap=&#8221;15&#8243; css=&#8221;.vc_custom_1720772886818{padding-top: 7vh !important;padding-bottom: 8vh !important;background: #f6f7fe url(https:\/\/clinicasbravo.com\/wp-content\/uploads\/2021\/01\/bannercontactoficha.jpg?id=5666142) !important;background-position: center !important;background-repeat: no-repeat !important;background-size: cover !important;}&#8221;][vc_column width=&#8221;1\/12&#8243;][\/vc_column][vc_column width=&#8221;5\/12&#8243;]<div class=\"norebro-text-sc \" \n\tid=\"norebro-custom-69e5df13ce74c\" \n\t \n\t>\n\n\t<h4><strong>Address<\/strong><\/h4>\n<p>Av. Joanot Martonell, 5<\/p>\n<p>03727 Xal\u00f3, Alicante<\/p>\n<p>Spain<\/p>\n\t\n<\/div>[\/vc_column][vc_column width=&#8221;5\/12&#8243;]<div class=\"norebro-text-sc \" \n\tid=\"norebro-custom-69e5df13ce7d7\" \n\t \n\t>\n\n\t<h4><strong>Contact Information<\/strong><\/h4>\n<p>966 48 07 60<\/p>\n<p>655 686 977<\/p>\n<p><em>info@clinicasbravo.com<\/em><\/p>\n\t\n<\/div>[\/vc_column][vc_column width=&#8221;1\/12&#8243;][\/vc_column][\/vc_row]\n<\/div><\/div>[\/vc_column_text][\/vc_column][\/vc_row]\n<\/div>","protected":false},"excerpt":{"rendered":"<p>[vc_row full_width=&#8221;stretch_row&#8221; content_placement=&#8221;middle&#8221; css=&#8221;.vc_custom_1611839113501{background-image: url(http:\/\/clinicasbravo.com\/wp-content\/uploads\/2021\/01\/cover-hidratacion.jpg?id=5667361) !important;background-position: center !important;background-repeat: no-repeat !important;background-size: cover !important;}&#8221; el_class=&#8221;section-cover-p78&#8243;][vc_column][vc_empty_space height=&#8221;60px&#8221;&#8230;<\/p>\n","protected":false},"author":2,"featured_media":5668355,"parent":5668456,"menu_order":0,"comment_status":"closed","ping_status":"closed","template":"","meta":{"_acf_changed":false,"inline_featured_image":false,"footnotes":""},"class_list":["post-5668496","page","type-page","status-publish","has-post-thumbnail","hentry"],"acf":[],"_links":{"self":[{"href":"https:\/\/clinicasbravo.com\/en\/wp-json\/wp\/v2\/pages\/5668496","targetHints":{"allow":["GET"]}}],"collection":[{"href":"https:\/\/clinicasbravo.com\/en\/wp-json\/wp\/v2\/pages"}],"about":[{"href":"https:\/\/clinicasbravo.com\/en\/wp-json\/wp\/v2\/types\/page"}],"author":[{"embeddable":true,"href":"https:\/\/clinicasbravo.com\/en\/wp-json\/wp\/v2\/users\/2"}],"replies":[{"embeddable":true,"href":"https:\/\/clinicasbravo.com\/en\/wp-json\/wp\/v2\/comments?post=5668496"}],"version-history":[{"count":3,"href":"https:\/\/clinicasbravo.com\/en\/wp-json\/wp\/v2\/pages\/5668496\/revisions"}],"predecessor-version":[{"id":5668509,"href":"https:\/\/clinicasbravo.com\/en\/wp-json\/wp\/v2\/pages\/5668496\/revisions\/5668509"}],"up":[{"embeddable":true,"href":"https:\/\/clinicasbravo.com\/en\/wp-json\/wp\/v2\/pages\/5668456"}],"wp:featuredmedia":[{"embeddable":true,"href":"https:\/\/clinicasbravo.com\/en\/wp-json\/wp\/v2\/media\/5668355"}],"wp:attachment":[{"href":"https:\/\/clinicasbravo.com\/en\/wp-json\/wp\/v2\/media?parent=5668496"}],"curies":[{"name":"wp","href":"https:\/\/api.w.org\/{rel}","templated":true}]}}